{"id":2325,"date":"2024-03-28T16:44:48","date_gmt":"2024-03-28T15:44:48","guid":{"rendered":"https:\/\/viagemsaotomeeprincipe.com\/app\/?page_id=2325"},"modified":"2024-04-01T22:56:29","modified_gmt":"2024-04-01T21:56:29","slug":"viagem","status":"publish","type":"page","link":"https:\/\/viagemsaotomeeprincipe.com\/app\/viagem\/","title":{"rendered":"Viagem"},"content":{"rendered":"<h3>\n\t\t\t\t\t\tVIAGENS PERSONALIZADAS<br \/>\n\t\t\t\t\t<\/h3>\n<h2>Expedi\u00e7\u00e3o a  S\u00e3o Tom\u00e9 e Pr\u00edncipe<\/h2>\n<h2>Expedi\u00e7\u00e3o a S\u00e3o Tom\u00e9 e  Pr\u00edncipe<\/h2>\n<p>Escolha um dos nossos pacotes abaixo e venha conhecer este para\u00edso. Esta \u00e9 a melhor excurs\u00e3o para quem deseja conhecer o aut\u00eantico Santo Tom\u00e9. Descubra suas ra\u00edzes culturais e gastron\u00f4micas. Recorra ao passado hist\u00f3rico de Portugal em lend\u00e1rias planta\u00e7\u00f5es de caf\u00e9 e cacau. Com atividades di\u00e1rias para desfrutar da natureza, da praia e de outras experi\u00eancias.<\/p>\n<figure><img decoding=\"async\" src=\"https:\/\/viagemsaotomeeprincipe.com\/app\/wp-content\/uploads\/2024\/03\/fly-and-drive-1024x1024.webp\" alt=\"fly and drive\" \/><\/figure>\n<figure><img decoding=\"async\" src=\"https:\/\/viagemsaotomeeprincipe.com\/app\/wp-content\/uploads\/2024\/03\/sol-e-praia-1024x1024.webp\" alt=\"sol e praia\" \/><\/figure>\n<figure><img decoding=\"async\" src=\"https:\/\/viagemsaotomeeprincipe.com\/app\/wp-content\/uploads\/2024\/03\/glamour-1024x1024.webp\" alt=\"glamour\" \/><\/figure>\n<figure><img decoding=\"async\" src=\"https:\/\/viagemsaotomeeprincipe.com\/app\/wp-content\/uploads\/2024\/03\/vigem-em-grupo-1024x1024.webp\" alt=\"vigem em grupo\" \/><\/figure>\n<p>\t\t\t\t\t\t<svg aria-hidden=\"true\" viewBox=\"0 0 1000 1000\" xmlns=\"http:\/\/www.w3.org\/2000\/svg\"><path d=\"M646 125C629 125 613 133 604 142L308 442C296 454 292 471 292 487 292 504 296 521 308 533L604 854C617 867 629 875 646 875 663 875 679 871 692 858 704 846 713 829 713 812 713 796 708 779 692 767L438 487 692 225C700 217 708 204 708 187 708 171 704 154 692 142 675 129 663 125 646 125Z\"><\/path><\/svg><br \/>\n\t\t\t\t\t\t<svg aria-hidden=\"true\" viewBox=\"0 0 1000 1000\" xmlns=\"http:\/\/www.w3.org\/2000\/svg\"><path d=\"M696 533C708 521 713 504 713 487 713 471 708 454 696 446L400 146C388 133 375 125 354 125 338 125 325 129 313 142 300 154 292 171 292 187 292 204 296 221 308 233L563 492 304 771C292 783 288 800 288 817 288 833 296 850 308 863 321 871 338 875 354 875 371 875 388 867 400 854L696 533Z\"><\/path><\/svg>\t\t\t\t\t<\/p>\n<h3>\n\t\t\t\t\t\tVIAJE PERSONALIZADO<br \/>\n\t\t\t\t\t<\/h3>\n<h2>Expedition to Sao Tome and Principe 15 days<\/h2>\n<p>This is the best excursion for those who want to know the authentic Sao Tome. Discover your cultural and gastronomic roots. Walk through Portugal&#8217;s storied past at legendary coffee and cocoa plantations. With daily activities to enjoy nature, the beach and other experiences.<\/p>\n<p>\t\t\t\t\t\t\t<svg aria-hidden=\"true\" viewBox=\"0 0 1000 1000\" xmlns=\"http:\/\/www.w3.org\/2000\/svg\"><path d=\"M646 125C629 125 613 133 604 142L308 442C296 454 292 471 292 487 292 504 296 521 308 533L604 854C617 867 629 875 646 875 663 875 679 871 692 858 704 846 713 829 713 812 713 796 708 779 692 767L438 487 692 225C700 217 708 204 708 187 708 171 704 154 692 142 675 129 663 125 646 125Z\"><\/path><\/svg>\t\t\t\t\t\t\tPrevious<br \/>\n\t\t\t\t\t\t\t<svg aria-hidden=\"true\" viewBox=\"0 0 1000 1000\" xmlns=\"http:\/\/www.w3.org\/2000\/svg\"><path d=\"M696 533C708 521 713 504 713 487 713 471 708 454 696 446L400 146C388 133 375 125 354 125 338 125 325 129 313 142 300 154 292 171 292 187 292 204 296 221 308 233L563 492 304 771C292 783 288 800 288 817 288 833 296 850 308 863 321 871 338 875 354 875 371 875 388 867 400 854L696 533Z\"><\/path><\/svg>\t\t\t\t\t\t\tNext<\/p>\n<h3>Pre\u00e7os, informa\u00e7\u00f5es e datas<\/h3>\n<p>8 a 12 noites conforme programa <strong>\u20ac690 &#8211; \u20ac3000 <\/strong>por pessoa<\/p>\n<h3>Itiner\u00e1rios e datas<\/h3>\n<h3> Pre\u00e7os<\/h3>\n<ul>\n<li>\n\t\t\t\t\t\t\t\t\t\tLiberdade Total\n\t\t\t\t\t\t\t\t\t<\/li>\n<li>\n\t\t\t\t\t\t\t\t\t\t\u20ac690\n\t\t\t\t\t\t\t\t\t<\/li>\n<\/ul>\n<ul>\n<li>\n\t\t\t\t\t\t\t\t\t\tTour Sol e Praia\n\t\t\t\t\t\t\t\t\t<\/li>\n<li>\n\t\t\t\t\t\t\t\t\t\t\u20ac875\n\t\t\t\t\t\t\t\t\t<\/li>\n<\/ul>\n<ul>\n<li>\n\t\t\t\t\t\t\t\t\t\tCir Completo\n\t\t\t\t\t\t\t\t\t<\/li>\n<li>\n\t\t\t\t\t\t\t\t\t\t\u20ac1975\n\t\t\t\t\t\t\t\t\t<\/li>\n<\/ul>\n<ul>\n<li>\n\t\t\t\t\t\t\t\t\t\tGlamour Luxu\n\t\t\t\t\t\t\t\t\t<\/li>\n<li>\n\t\t\t\t\t\t\t\t\t\t\u20ac2576\n\t\t\t\t\t\t\t\t\t<\/li>\n<\/ul>\n<p>\t\t\t\t\t\t\t\t\t\t\t\t\t<img loading=\"lazy\" decoding=\"async\" width=\"577\" height=\"577\" src=\"https:\/\/viagemsaotomeeprincipe.com\/app\/wp-content\/uploads\/2024\/03\/Filipe-guia.jpg\" alt=\"\" srcset=\"https:\/\/viagemsaotomeeprincipe.com\/app\/wp-content\/uploads\/2024\/03\/Filipe-guia.jpg 577w, https:\/\/viagemsaotomeeprincipe.com\/app\/wp-content\/uploads\/2024\/03\/Filipe-guia-300x300.jpg 300w, https:\/\/viagemsaotomeeprincipe.com\/app\/wp-content\/uploads\/2024\/03\/Filipe-guia-150x150.jpg 150w\" sizes=\"(max-width: 577px) 100vw, 577px\" \/>\t\t\t\t\t\t\t\t\t\t\t\t\t<\/p>\n<h3>\n\t\t\t\t\t\tFilipe da Silva<br \/>\n\t\t\t\t<\/h3>\n<p>\n\t\t\t\t\t\tTravel Specialist\t\t\t\t\t<\/p>\n<h3>\n\t\t\t\t\t\t+351 937 045 579<br \/>\n\t\t\t\t<\/h3>\n<p>Viajou mais de 20 vezes a S\u00e3o Tom\u00e9. Acompanhou Grupos e \u00e9 especialista no destino. Ele pode te ajudar.<\/p>\n<p>\t\t\t<a href=\"https:\/\/api.whatsapp.com\/send?phone=351937045579&#038;text=Ol\u00e1%20Filipe!%20Quero%20saber%20mais%20sobre%20as%20viagens%20a%20S\u00e3o%20Tom\u00e9.\"><br \/>\n\t\t\t\t\t\tFalar no Whatsapp<br \/>\n\t\t\t\t\t<\/a><\/p>\n<h3>Pre\u00e7os incluem:<\/h3>\n<ul>\n<li>\n\t\t\t\t\t\t\t<svg aria-hidden=\"true\" viewBox=\"0 0 512 512\" xmlns=\"http:\/\/www.w3.org\/2000\/svg\"><path d=\"M512 199.652c0 23.625-20.65 43.826-44.8 43.826h-99.851c16.34 17.048 18.346 49.766-6.299 70.944 14.288 22.829 2.147 53.017-16.45 62.315C353.574 425.878 322.654 448 272 448c-2.746 0-13.276-.203-16-.195-61.971.168-76.894-31.065-123.731-38.315C120.596 407.683 112 397.599 112 385.786V214.261l.002-.001c.011-18.366 10.607-35.889 28.464-43.845 28.886-12.994 95.413-49.038 107.534-77.323 7.797-18.194 21.384-29.084 40-29.092 34.222-.014 57.752 35.098 44.119 66.908-3.583 8.359-8.312 16.67-14.153 24.918H467.2c23.45 0 44.8 20.543 44.8 43.826zM96 200v192c0 13.255-10.745 24-24 24H24c-13.255 0-24-10.745-24-24V200c0-13.255 10.745-24 24-24h48c13.255 0 24 10.745 24 24zM68 368c0-11.046-8.954-20-20-20s-20 8.954-20 20 8.954 20 20 20 20-8.954 20-20z\"><\/path><\/svg><br \/>\n\t\t\t\t\t\t\t\t\t\tAssist\u00eancia 24 horas no destino\n\t\t\t\t\t\t\t\t\t<\/li>\n<li>\n\t\t\t\t\t\t\t<svg aria-hidden=\"true\" viewBox=\"0 0 512 512\" xmlns=\"http:\/\/www.w3.org\/2000\/svg\"><path d=\"M512 199.652c0 23.625-20.65 43.826-44.8 43.826h-99.851c16.34 17.048 18.346 49.766-6.299 70.944 14.288 22.829 2.147 53.017-16.45 62.315C353.574 425.878 322.654 448 272 448c-2.746 0-13.276-.203-16-.195-61.971.168-76.894-31.065-123.731-38.315C120.596 407.683 112 397.599 112 385.786V214.261l.002-.001c.011-18.366 10.607-35.889 28.464-43.845 28.886-12.994 95.413-49.038 107.534-77.323 7.797-18.194 21.384-29.084 40-29.092 34.222-.014 57.752 35.098 44.119 66.908-3.583 8.359-8.312 16.67-14.153 24.918H467.2c23.45 0 44.8 20.543 44.8 43.826zM96 200v192c0 13.255-10.745 24-24 24H24c-13.255 0-24-10.745-24-24V200c0-13.255 10.745-24 24-24h48c13.255 0 24 10.745 24 24zM68 368c0-11.046-8.954-20-20-20s-20 8.954-20 20 8.954 20 20 20 20-8.954 20-20z\"><\/path><\/svg><br \/>\n\t\t\t\t\t\t\t\t\t\tHot\u00e9is conforme programa desejado\n\t\t\t\t\t\t\t\t\t<\/li>\n<li>\n\t\t\t\t\t\t\t<svg aria-hidden=\"true\" viewBox=\"0 0 512 512\" xmlns=\"http:\/\/www.w3.org\/2000\/svg\"><path d=\"M512 199.652c0 23.625-20.65 43.826-44.8 43.826h-99.851c16.34 17.048 18.346 49.766-6.299 70.944 14.288 22.829 2.147 53.017-16.45 62.315C353.574 425.878 322.654 448 272 448c-2.746 0-13.276-.203-16-.195-61.971.168-76.894-31.065-123.731-38.315C120.596 407.683 112 397.599 112 385.786V214.261l.002-.001c.011-18.366 10.607-35.889 28.464-43.845 28.886-12.994 95.413-49.038 107.534-77.323 7.797-18.194 21.384-29.084 40-29.092 34.222-.014 57.752 35.098 44.119 66.908-3.583 8.359-8.312 16.67-14.153 24.918H467.2c23.45 0 44.8 20.543 44.8 43.826zM96 200v192c0 13.255-10.745 24-24 24H24c-13.255 0-24-10.745-24-24V200c0-13.255 10.745-24 24-24h48c13.255 0 24 10.745 24 24zM68 368c0-11.046-8.954-20-20-20s-20 8.954-20 20 8.954 20 20 20 20-8.954 20-20z\"><\/path><\/svg><br \/>\n\t\t\t\t\t\t\t\t\t\tVoos para Circuito de Grupos e Programa Glamour\n\t\t\t\t\t\t\t\t\t<\/li>\n<li>\n\t\t\t\t\t\t\t<svg aria-hidden=\"true\" viewBox=\"0 0 512 512\" xmlns=\"http:\/\/www.w3.org\/2000\/svg\"><path d=\"M512 199.652c0 23.625-20.65 43.826-44.8 43.826h-99.851c16.34 17.048 18.346 49.766-6.299 70.944 14.288 22.829 2.147 53.017-16.45 62.315C353.574 425.878 322.654 448 272 448c-2.746 0-13.276-.203-16-.195-61.971.168-76.894-31.065-123.731-38.315C120.596 407.683 112 397.599 112 385.786V214.261l.002-.001c.011-18.366 10.607-35.889 28.464-43.845 28.886-12.994 95.413-49.038 107.534-77.323 7.797-18.194 21.384-29.084 40-29.092 34.222-.014 57.752 35.098 44.119 66.908-3.583 8.359-8.312 16.67-14.153 24.918H467.2c23.45 0 44.8 20.543 44.8 43.826zM96 200v192c0 13.255-10.745 24-24 24H24c-13.255 0-24-10.745-24-24V200c0-13.255 10.745-24 24-24h48c13.255 0 24 10.745 24 24zM68 368c0-11.046-8.954-20-20-20s-20 8.954-20 20 8.954 20 20 20 20-8.954 20-20z\"><\/path><\/svg><br \/>\n\t\t\t\t\t\t\t\t\t\tTransfers para tours sem Aluguer de carro.\n\t\t\t\t\t\t\t\t\t<\/li>\n<li>\n\t\t\t\t\t\t\t<svg aria-hidden=\"true\" viewBox=\"0 0 512 512\" xmlns=\"http:\/\/www.w3.org\/2000\/svg\"><path d=\"M512 199.652c0 23.625-20.65 43.826-44.8 43.826h-99.851c16.34 17.048 18.346 49.766-6.299 70.944 14.288 22.829 2.147 53.017-16.45 62.315C353.574 425.878 322.654 448 272 448c-2.746 0-13.276-.203-16-.195-61.971.168-76.894-31.065-123.731-38.315C120.596 407.683 112 397.599 112 385.786V214.261l.002-.001c.011-18.366 10.607-35.889 28.464-43.845 28.886-12.994 95.413-49.038 107.534-77.323 7.797-18.194 21.384-29.084 40-29.092 34.222-.014 57.752 35.098 44.119 66.908-3.583 8.359-8.312 16.67-14.153 24.918H467.2c23.45 0 44.8 20.543 44.8 43.826zM96 200v192c0 13.255-10.745 24-24 24H24c-13.255 0-24-10.745-24-24V200c0-13.255 10.745-24 24-24h48c13.255 0 24 10.745 24 24zM68 368c0-11.046-8.954-20-20-20s-20 8.954-20 20 8.954 20 20 20 20-8.954 20-20z\"><\/path><\/svg><br \/>\n\t\t\t\t\t\t\t\t\t\tVoos com TAP ou STP quando mencionado\n\t\t\t\t\t\t\t\t\t<\/li>\n<\/ul>\n<p>\t\t\t<a href=\"https:\/\/api.whatsapp.com\/send?phone=351937045579&#038;text=Ol\u00e1%20Filipe!%20Quero%20saber%20mais%20sobre%20as%20viagens%20a%20S\u00e3o%20Tom\u00e9.\"><br \/>\n\t\t\t\t\t\tFale conosco<br \/>\n\t\t\t\t\t<\/a><\/p>\n<h2>Veja como \u00e9 f\u00e1cil<\/h2>\n<h2>O pre\u00e7o inclui:<\/h2>\n<p>                            Seguran\u00e7a<br \/>\n                        <!-- .skill-bar-content END --><br \/>\n                                    0%<br \/>\n                        <!-- .skill-bar END --><br \/>\n                                    <!-- .single-skill-bar END --><br \/>\n            <!-- .skillbar-group END --><br \/>\n                            Conforto<br \/>\n                        <!-- .skill-bar-content END --><br \/>\n                                    0%<br \/>\n                        <!-- .skill-bar END --><br \/>\n                                    <!-- .single-skill-bar END --><br \/>\n            <!-- .skillbar-group END --><br \/>\n                            Dificuldade<br \/>\n                        <!-- .skill-bar-content END --><br \/>\n                                    0%<br \/>\n                        <!-- .skill-bar END --><br \/>\n                                    <!-- .single-skill-bar END --><br \/>\n            <!-- .skillbar-group END --><br \/>\n                            Experi\u00eancia<br \/>\n                        <!-- .skill-bar-content END --><br \/>\n                                    0%<br \/>\n                        <!-- .skill-bar END --><br \/>\n                                    <!-- .single-skill-bar END --><br \/>\n            <!-- .skillbar-group END --><br \/>\n                            Organiza\u00e7\u00e3o<br \/>\n                        <!-- .skill-bar-content END --><br \/>\n                                    0%<br \/>\n                        <!-- .skill-bar END --><br \/>\n                                    <!-- .single-skill-bar END --><br \/>\n            <!-- .skillbar-group END --><\/p>\n<ul>\n<li>\n\t\t\t\t\t\t\t\t\t\tViagens com ou sem voos\n\t\t\t\t\t\t\t\t\t<\/li>\n<li>\n\t\t\t\t\t\t\t\t\t\tPossibilidade de Extens\u00e3o a Ilha do Pr\u00edncipe\n\t\t\t\t\t\t\t\t\t<\/li>\n<li>\n\t\t\t\t\t\t\t\t\t\tOp\u00e7\u00e3o de escolher uma viagem de grupo\n\t\t\t\t\t\t\t\t\t<\/li>\n<li>\n\t\t\t\t\t\t\t\t\t\tCircuitos \u00e0 medida\n\t\t\t\t\t\t\t\t\t<\/li>\n<li>\n\t\t\t\t\t\t\t\t\t\textensi\u00f3n y barco al ilh\u00e9u das rolas\u200b\n\t\t\t\t\t\t\t\t\t<\/li>\n<li>\n\t\t\t\t\t\t\t\t\t\ttransporte en jeeps 4\u00d74\u200b\n\t\t\t\t\t\t\t\t\t<\/li>\n<li>\n\t\t\t\t\t\t\t\t\t\t organizaci\u00f3n propia\u200b\n\t\t\t\t\t\t\t\t\t<\/li>\n<\/ul>\n<p>\t\thttps:\/\/www.youtube.com\/watch?v=vwDIqDm9M6Ehttps:\/\/youtu.be\/00p9DZ7EDt4https:\/\/www.youtube.com\/watch?v=rZzYFor7vv4https:\/\/youtu.be\/80A8Operx9khttps:\/\/www.youtube.com\/watch?v=OYUqWYN6D8E&#038;t=10shttps:\/\/youtu.be\/Oc1wp8AA674https:\/\/www.youtube.com\/watch?v=bNoee7VTYqI&#038;list=PLhqJHdHUHEQzWfGK3oX5CImkDgslgA0E0&#038;index=4https:\/\/www.youtube.com\/watch?v=qMsjB2s5SBUhttps:\/\/www.youtube.com\/watch?v=vwDIqDm9M6Ehttps:\/\/www.youtube.com\/watch?v=00p9DZ7EDt4https:\/\/www.youtube.com\/watch?v=rZzYFor7vv4https:\/\/youtu.be\/80A8Operx9khttps:\/\/www.youtube.com\/watch?v=qMsjB2s5SBUhttps:\/\/www.youtube.com\/watch?v=bNoee7VTYqI&#038;list=PLhqJHdHUHEQzWfGK3oX5CImkDgslgA0E0&#038;index=4https:\/\/www.youtube.com\/watch?v=OYUqWYN6D8E&#038;t=10shttps:\/\/youtu.be\/Oc1wp8AA674\t\t<\/p>\n<h2>Porque viajar conosco?<\/h2>\n<p>Somos Ag\u00eancia de Viagem com Licen\u00e7a RNAVT N.\u00ba 4155 em Portugal e tamb\u00e9m com sede pr\u00f3pria em S\u00e3o Tom\u00e9.<\/p>\n<p>Oferecemos um servi\u00e7o de Satisfa\u00e7\u00e3o sem igual.<\/p>\n<p>\t\t\t\t\t\t\t<svg aria-hidden=\"true\" viewBox=\"0 0 1000 1000\" xmlns=\"http:\/\/www.w3.org\/2000\/svg\"><path d=\"M646 125C629 125 613 133 604 142L308 442C296 454 292 471 292 487 292 504 296 521 308 533L604 854C617 867 629 875 646 875 663 875 679 871 692 858 704 846 713 829 713 812 713 796 708 779 692 767L438 487 692 225C700 217 708 204 708 187 708 171 704 154 692 142 675 129 663 125 646 125Z\"><\/path><\/svg>\t\t\t\t\t\t\tPrevious<br \/>\n\t\t\t\t\t\t\t<svg aria-hidden=\"true\" viewBox=\"0 0 1000 1000\" xmlns=\"http:\/\/www.w3.org\/2000\/svg\"><path d=\"M696 533C708 521 713 504 713 487 713 471 708 454 696 446L400 146C388 133 375 125 354 125 338 125 325 129 313 142 300 154 292 171 292 187 292 204 296 221 308 233L563 492 304 771C292 783 288 800 288 817 288 833 296 850 308 863 321 871 338 875 354 875 371 875 388 867 400 854L696 533Z\"><\/path><\/svg>\t\t\t\t\t\t\tNext<\/p>\n<h2>Nosso Atendimento<\/h2>\n<p>Nosso atendimento \u00e9 sempre via facebook, instagram, whatsapp&#8230;<br \/>Estaremos sempre conectados&#8230; nunca mais estar\u00e1 sozinho! Estamos sempre a um telefonema de dist\u00e2ncia.<\/p>\n<p>\t\t\t\t\t\t\t\t\t\t\t\t\t<img loading=\"lazy\" decoding=\"async\" width=\"1024\" height=\"1024\" src=\"https:\/\/viagemsaotomeeprincipe.com\/app\/wp-content\/uploads\/2024\/03\/mapa-1024x1024-1.webp\" alt=\"\" srcset=\"https:\/\/viagemsaotomeeprincipe.com\/app\/wp-content\/uploads\/2024\/03\/mapa-1024x1024-1.webp 1024w, https:\/\/viagemsaotomeeprincipe.com\/app\/wp-content\/uploads\/2024\/03\/mapa-1024x1024-1-300x300.webp 300w, https:\/\/viagemsaotomeeprincipe.com\/app\/wp-content\/uploads\/2024\/03\/mapa-1024x1024-1-150x150.webp 150w, https:\/\/viagemsaotomeeprincipe.com\/app\/wp-content\/uploads\/2024\/03\/mapa-1024x1024-1-768x768.webp 768w\" sizes=\"(max-width: 1024px) 100vw, 1024px\" \/>\t\t\t\t\t\t\t\t\t\t\t\t\t<\/p>\n<h3>Veja o coment\u00e1rio de quem j\u00e1 viajou connosco.<br \/>\n<\/h3>\n<p>\t\thttps:\/\/www.youtube.com\/watch?v=3LKTOOzvgkUhttps:\/\/www.youtube.com\/watch?v=WziuagzCndUhttps:\/\/www.youtube.com\/watch?v=5ky1UypmdMEhttps:\/\/www.youtube.com\/watch?v=p6ZafCvmvUY&#038;list=PLbNN0z6ABEvO-X_cmxCGLJofB5Z54Cq2R&#038;index=16https:\/\/www.youtube.com\/watch?v=Aa5tulhf-6Q&#038;list=PLbNN0z6ABEvO-X_cmxCGLJofB5Z54Cq2R&#038;index=3https:\/\/www.youtube.com\/watch?v=8Y0Vr3nKmY0https:\/\/www.youtube.com\/watch?v=yARyPBqRYsohttps:\/\/www.youtube.com\/watch?v=sP-WB3KvYt0&#038;list=PLbNN0z6ABEvO-X_cmxCGLJofB5Z54Cq2R&#038;index=1https:\/\/www.youtube.com\/watch?v=vQDpRJiZEhE&#038;list=PLbNN0z6ABEvO-X_cmxCGLJofB5Z54Cq2R&#038;index=10https:\/\/www.youtube.com\/watch?v=b2Iv39E7ro4&#038;list=PLhqJHdHUHEQzWfGK3oX5CImkDgslgA0E0https:\/\/www.youtube.com\/watch?v=B3G5K4Xjnu0https:\/\/www.youtube.com\/watch?v=htQIGivpKs0https:\/\/www.youtube.com\/watch?v=6aSGSOK4jgA&#038;list=PLbNN0z6ABEvO-X_cmxCGLJofB5Z54Cq2R&#038;index=4https:\/\/www.youtube.com\/watch?v=ijX8pqVHLa8&#038;list=PLbNN0z6ABEvO-X_cmxCGLJofB5Z54Cq2R&#038;index=11https:\/\/www.youtube.com\/watch?v=bPNYHvzzr_I<br \/>\n\t\t\t\t\t\t\t\t\t\t\t\t\t<img loading=\"lazy\" decoding=\"async\" width=\"520\" height=\"641\" src=\"https:\/\/viagemsaotomeeprincipe.com\/app\/wp-content\/uploads\/2024\/03\/432671455_922469493212537_1060903706806627686_n.jpg\" alt=\"\" srcset=\"https:\/\/viagemsaotomeeprincipe.com\/app\/wp-content\/uploads\/2024\/03\/432671455_922469493212537_1060903706806627686_n.jpg 520w, https:\/\/viagemsaotomeeprincipe.com\/app\/wp-content\/uploads\/2024\/03\/432671455_922469493212537_1060903706806627686_n-243x300.jpg 243w\" sizes=\"(max-width: 520px) 100vw, 520px\" \/>\t\t\t\t\t\t\t\t\t\t\t\t\t<\/p>\n<h3>\n\t\t\t\t\t\tVIAJANTES<br \/>\n\t\t\t\t\t<\/h3>\n<p>Fale conosco sem compromisso!<\/p>\n<h2>AINDA TEM D\u00daVIDAS?<\/h2>\n<p>N\u00e3o importa o seu tipo de Viagem. Quer ir ao Pr\u00edncipe? Quer um hotel de luxo? ou deseja apenas alugar um carro? Estamos aqui para colaborar e ajud\u00e1-lo a realizar este sonho.<\/p>\n<p>\t\t\t<a href=\"https:\/\/api.whatsapp.com\/send?phone=351937045579&#038;text=Ol\u00e1%20Filipe!%20Quero%20saber%20mais%20sobre%20as%20viagens%20a%20S\u00e3o%20Tom\u00e9.\"><br \/>\n\t\t\t\t\t\tFale conosco<br \/>\n\t\t\t\t\t<\/a><\/p>\n<h2>Un poco m\u00e1s sobre nuestra Agencia de Viajes<\/h2>\n<figure><img loading=\"lazy\" decoding=\"async\" width=\"512\" height=\"512\" src=\"https:\/\/viagemsaotomeeprincipe.com\/app\/wp-content\/uploads\/2024\/03\/number-1.png\" alt=\"\" \/><\/figure>\n<p>Olhando para o futuro, somos destemidos na prossecu\u00e7\u00e3o do nosso objetivo, que continua a inspirar todas as nossas melhores decis\u00f5es em termos de experi\u00eancia de destino e conforto.<\/p>\n<figure><img loading=\"lazy\" decoding=\"async\" width=\"512\" height=\"512\" src=\"https:\/\/viagemsaotomeeprincipe.com\/app\/wp-content\/uploads\/2024\/03\/number-2.png\" alt=\"\" \/><\/figure>\n<p>A nossa organiza\u00e7\u00e3o cuidadosa privilegia as paisagens id\u00edlicas, levando-o a lugares onde nenhum outro pode ir. Gra\u00e7as \u00e0s nossas concess\u00f5es em mat\u00e9ria de conforto e de seguran\u00e7a, proporcionamos o cen\u00e1rio perfeito.<\/p>\n<figure><img loading=\"lazy\" decoding=\"async\" width=\"512\" height=\"512\" src=\"https:\/\/viagemsaotomeeprincipe.com\/app\/wp-content\/uploads\/2024\/03\/three-1.png\" alt=\"\" \/><\/figure>\n<p>Os viajantes que v\u00eam at\u00e9 n\u00f3s em busca de viagens de sonho.<br \/>\nCom ag\u00eancias de viagens em Portugal e S\u00e3o Tom\u00e9 e Pr\u00edncipe, podem contar com uma grande equipa de profissionais dedicados e exclusivos no detino.<\/p>\n<h3>\n\t\t\t\t\t\tM\u00e1s informaci\u00f3n<br \/>\n\t\t\t\t\t<\/h3>\n<h2>Autor destas incr\u00edveis experi\u00eancias<\/h2>\n<p>H\u00e1 uma autenticidade de glamour em cada uma de nossas viagens e expedi\u00e7\u00f5es que n\u00e3o \u00e9 apenas uma raridade, mas envolve cada viajante em todos os n\u00edveis \u2013 espiritual, emocional e f\u00edsico.<\/p>\n<ul>\n<li>\n\t\t\t\t\t\t\t<svg aria-hidden=\"true\" viewBox=\"0 0 512 512\" xmlns=\"http:\/\/www.w3.org\/2000\/svg\"><path d=\"M464 32H336c-26.5 0-48 21.5-48 48v128c0 26.5 21.5 48 48 48h80v64c0 35.3-28.7 64-64 64h-8c-13.3 0-24 10.7-24 24v48c0 13.3 10.7 24 24 24h8c88.4 0 160-71.6 160-160V80c0-26.5-21.5-48-48-48zm-288 0H48C21.5 32 0 53.5 0 80v128c0 26.5 21.5 48 48 48h80v64c0 35.3-28.7 64-64 64h-8c-13.3 0-24 10.7-24 24v48c0 13.3 10.7 24 24 24h8c88.4 0 160-71.6 160-160V80c0-26.5-21.5-48-48-48z\"><\/path><\/svg><br \/>\n\t\t\t\t\t\t\t\t\t\tLuciano Baetz\n\t\t\t\t\t\t\t\t\t<\/li>\n<\/ul>\n<p>\t\t\t\t\t\t\t\t\t\t\t\t\t<img loading=\"lazy\" decoding=\"async\" width=\"1024\" height=\"721\" src=\"https:\/\/viagemsaotomeeprincipe.com\/app\/wp-content\/uploads\/2024\/03\/luciano-baetz-1-1024x721-1.webp\" alt=\"\" srcset=\"https:\/\/viagemsaotomeeprincipe.com\/app\/wp-content\/uploads\/2024\/03\/luciano-baetz-1-1024x721-1.webp 1024w, https:\/\/viagemsaotomeeprincipe.com\/app\/wp-content\/uploads\/2024\/03\/luciano-baetz-1-1024x721-1-300x211.webp 300w, https:\/\/viagemsaotomeeprincipe.com\/app\/wp-content\/uploads\/2024\/03\/luciano-baetz-1-1024x721-1-768x541.webp 768w\" sizes=\"(max-width: 1024px) 100vw, 1024px\" \/><br \/>\n\t\t\t<a href=\"https:\/\/api.whatsapp.com\/send?phone=351937045579&#038;text=Ol\u00e1%20Filipe!%20Quero%20saber%20mais%20sobre%20as%20viagens%20a%20S\u00e3o%20Tom\u00e9.\"><br \/>\n\t\t\t\t\t\tFale conosco<br \/>\n\t\t\t\t\t<\/a><\/p>\n","protected":false},"excerpt":{"rendered":"<p>VIAGENS PERSONALIZADAS Expedi\u00e7\u00e3o a S\u00e3o Tom\u00e9 e Pr\u00edncipe Expedi\u00e7\u00e3o a S\u00e3o Tom\u00e9 e Pr\u00edncipe Escolha um dos nossos pacotes abaixo [&hellip;]<\/p>\n","protected":false},"author":1,"featured_media":11167,"parent":0,"menu_order":0,"comment_status":"closed","ping_status":"closed","template":"","meta":{"site-sidebar-layout":"no-sidebar","site-content-layout":"","ast-site-content-layout":"full-width-container","site-content-style":"default","site-sidebar-style":"default","ast-global-header-display":"","ast-banner-title-visibility":"","ast-main-header-display":"","ast-hfb-above-header-display":"","ast-hfb-below-header-display":"","ast-hfb-mobile-header-display":"","site-post-title":"disabled","ast-breadcrumbs-content":"","ast-featured-img":"disabled","footer-sml-layout":"","theme-transparent-header-meta":"","adv-header-id-meta":"","stick-header-meta":"","header-above-stick-meta":"","header-main-stick-meta":"","header-below-stick-meta":"","astra-migrate-meta-layouts":"default","ast-page-background-enabled":"default","ast-page-background-meta":{"desktop":{"background-color":"var(--ast-global-color-4)","background-image":"","background-repeat":"repeat","background-position":"center center","background-size":"auto","background-attachment":"scroll","background-type":"","background-media":"","overlay-type":"","overlay-color":"","overlay-opacity":"","overlay-gradient":""},"tablet":{"background-color":"","background-image":"","background-repeat":"repeat","background-position":"center center","background-size":"auto","background-attachment":"scroll","background-type":"","background-media":"","overlay-type":"","overlay-color":"","overlay-opacity":"","overlay-gradient":""},"mobile":{"background-color":"","background-image":"","background-repeat":"repeat","background-position":"center center","background-size":"auto","background-attachment":"scroll","background-type":"","background-media":"","overlay-type":"","overlay-color":"","overlay-opacity":"","overlay-gradient":""}},"ast-content-background-meta":{"desktop":{"background-color":"var(--ast-global-color-5)","background-image":"","background-repeat":"repeat","background-position":"center center","background-size":"auto","background-attachment":"scroll","background-type":"","background-media":"","overlay-type":"","overlay-color":"","overlay-opacity":"","overlay-gradient":""},"tablet":{"background-color":"var(--ast-global-color-5)","background-image":"","background-repeat":"repeat","background-position":"center center","background-size":"auto","background-attachment":"scroll","background-type":"","background-media":"","overlay-type":"","overlay-color":"","overlay-opacity":"","overlay-gradient":""},"mobile":{"background-color":"var(--ast-global-color-5)","background-image":"","background-repeat":"repeat","background-position":"center center","background-size":"auto","background-attachment":"scroll","background-type":"","background-media":"","overlay-type":"","overlay-color":"","overlay-opacity":"","overlay-gradient":""}},"footnotes":""},"_links":{"self":[{"href":"https:\/\/viagemsaotomeeprincipe.com\/app\/wp-json\/wp\/v2\/pages\/2325"}],"collection":[{"href":"https:\/\/viagemsaotomeeprincipe.com\/app\/wp-json\/wp\/v2\/pages"}],"about":[{"href":"https:\/\/viagemsaotomeeprincipe.com\/app\/wp-json\/wp\/v2\/types\/page"}],"author":[{"embeddable":true,"href":"https:\/\/viagemsaotomeeprincipe.com\/app\/wp-json\/wp\/v2\/users\/1"}],"replies":[{"embeddable":true,"href":"https:\/\/viagemsaotomeeprincipe.com\/app\/wp-json\/wp\/v2\/comments?post=2325"}],"version-history":[{"count":0,"href":"https:\/\/viagemsaotomeeprincipe.com\/app\/wp-json\/wp\/v2\/pages\/2325\/revisions"}],"wp:featuredmedia":[{"embeddable":true,"href":"https:\/\/viagemsaotomeeprincipe.com\/app\/wp-json\/wp\/v2\/media\/11167"}],"wp:attachment":[{"href":"https:\/\/viagemsaotomeeprincipe.com\/app\/wp-json\/wp\/v2\/media?parent=2325"}],"curies":[{"name":"wp","href":"https:\/\/api.w.org\/{rel}","templated":true}]}}